{"id":8081,"date":"2021-03-30T13:07:47","date_gmt":"2021-03-30T20:07:47","guid":{"rendered":"https:\/\/seatboost.com\/?page_id=8081"},"modified":"2025-12-30T10:21:02","modified_gmt":"2025-12-30T18:21:02","slug":"get-seatboost","status":"publish","type":"page","link":"https:\/\/seatboost.com\/pt\/get-seatboost\/","title":{"rendered":"P\u00e1gina de destino com c\u00f3digo QR"},"content":{"rendered":"<style type=\"text\/css\" data-created_by=\"avia_inline_auto\" id=\"style-css-av-3dteifr-6b01900891282d9355a7dbfd30baf29a\">\n.avia-section.av-3dteifr-6b01900891282d9355a7dbfd30baf29a{\nbackground-color:#0e132e;\nbackground-image:unset;\n}\n.avia-section.av-3dteifr-6b01900891282d9355a7dbfd30baf29a .av-extra-border-element .av-extra-border-inner{\nbackground-color:#0e132e;\n}\n<\/style>\n<div id='av_section_1'  class='avia-section av-3dteifr-6b01900891282d9355a7dbfd30baf29a main_color avia-section-no-padding avia-no-border-styling  avia-builder-el-0  el_before_av_section  avia-builder-el-first  av-small-hide av-mini-hide avia-bg-style-scroll av-arrow-down-section container_wrap sidebar_right'  ><div class='container av-section-cont-open' ><main  role=\"main\" itemprop=\"mainContentOfPage\"  class='template-page content  av-content-small alpha units'><div class='post-entry post-entry-type-page post-entry-8081'><div class='entry-content-wrapper clearfix'>\n<\/div><\/div><\/main><!-- close content main element --><\/div><div class='av-extra-border-element border-extra-arrow-down'><div class='av-extra-border-outer'><div class='av-extra-border-inner'><\/div><\/div><\/div><\/div>\n<style type=\"text\/css\" data-created_by=\"avia_inline_auto\" id=\"style-css-av-2ttfnqf-2cdee0521fd29889cc1d9afd4ac53913\">\n.avia-section.av-2ttfnqf-2cdee0521fd29889cc1d9afd4ac53913{\nbackground-color:#afd9ee;\nbackground-image:unset;\n}\n<\/style>\n<div id='av_section_2'  class='avia-section av-2ttfnqf-2cdee0521fd29889cc1d9afd4ac53913 main_color avia-section-no-padding avia-no-shadow  avia-builder-el-1  el_after_av_section  el_before_av_submenu  avia-bg-style-scroll av-minimum-height av-minimum-height-100 av-height-100  container_wrap sidebar_right'   data-av_minimum_height_pc='100' data-av_min_height_opt='100'><div class='container av-section-cont-open' ><div class='template-page content  av-content-small alpha units'><div class='post-entry post-entry-type-page post-entry-8081'><div class='entry-content-wrapper clearfix'>\n\n<style type=\"text\/css\" data-created_by=\"avia_inline_auto\" id=\"style-css-av-2s0k9nr-7671cb33ee0e63880076af3456cbf2d2\">\n#top .hr.hr-invisible.av-2s0k9nr-7671cb33ee0e63880076af3456cbf2d2{\nheight:50px;\n}\n<\/style>\n<div  class='hr av-2s0k9nr-7671cb33ee0e63880076af3456cbf2d2 hr-invisible  avia-builder-el-2  el_before_av_two_fifth  avia-builder-el-first'><span class='hr-inner'><span class=\"hr-inner-style\"><\/span><\/span><\/div>\n<div class='flex_column_table av-2prfyhj-17c648ac68fd5cb12d76dcc3df304d52 sc-av_two_fifth av-equal-height-column-flextable'>\n<style type=\"text\/css\" data-created_by=\"avia_inline_auto\" id=\"style-css-av-2prfyhj-17c648ac68fd5cb12d76dcc3df304d52\">\n#top .flex_column_table.av-equal-height-column-flextable.av-2prfyhj-17c648ac68fd5cb12d76dcc3df304d52{\nmargin-top:0px;\nmargin-bottom:0;\n}\n.flex_column.av-2prfyhj-17c648ac68fd5cb12d76dcc3df304d52{\nborder-radius:0px 0px 0px 0px;\npadding:0px 0px 0px 0px;\n}\n<\/style>\n<div  class='flex_column av-2prfyhj-17c648ac68fd5cb12d76dcc3df304d52 av_two_fifth  avia-builder-el-3  el_after_av_hr  el_before_av_three_fifth  first flex_column_table_cell av-equal-height-column av-align-middle av-zero-column-padding'     ><p>\n<style type=\"text\/css\" data-created_by=\"avia_inline_auto\" id=\"style-css-av-2or7aw7-a775bdf949061a48758e34a2f09af151\">\n.avia-image-container.av-2or7aw7-a775bdf949061a48758e34a2f09af151 img.avia_image{\nbox-shadow:none;\n}\n.avia-image-container.av-2or7aw7-a775bdf949061a48758e34a2f09af151 .av-image-caption-overlay-center{\ncolor:#ffffff;\n}\n<\/style>\n<div  class='avia-image-container av-2or7aw7-a775bdf949061a48758e34a2f09af151 av-styling- avia-align-center  avia-builder-el-4  el_before_av_hr  avia-builder-el-first'   itemprop=\"image\" itemscope=\"itemscope\" itemtype=\"https:\/\/schema.org\/ImageObject\" ><div class=\"avia-image-container-inner\"><div class=\"avia-image-overlay-wrap\"><img decoding=\"async\" fetchpriority=\"high\" class='wp-image-8134 avia-img-lazy-loading-not-8134 avia_image' src=\"https:\/\/seatboost.com\/wp-content\/uploads\/2022\/05\/sb-welcome.png\" alt='' title='sb-bem-vindo'  height=\"587\" width=\"300\"  itemprop=\"thumbnailUrl\" srcset=\"https:\/\/seatboost.com\/wp-content\/uploads\/2022\/05\/sb-welcome.png 300w, https:\/\/seatboost.com\/wp-content\/uploads\/2022\/05\/sb-welcome-153x300.png 153w, https:\/\/seatboost.com\/wp-content\/uploads\/2022\/05\/sb-welcome-6x12.png 6w\" sizes=\"(max-width: 300px) 100vw, 300px\" \/><\/div><\/div><\/div><br \/>\n\n<style type=\"text\/css\" data-created_by=\"avia_inline_auto\" id=\"style-css-av-2nkto1z-dce5e6915233edf8aae37b70837da3bd\">\n#top .hr.hr-invisible.av-2nkto1z-dce5e6915233edf8aae37b70837da3bd{\nheight:50px;\n}\n<\/style>\n<div  class='hr av-2nkto1z-dce5e6915233edf8aae37b70837da3bd hr-invisible  avia-builder-el-5  el_after_av_image  avia-builder-el-last'><span class='hr-inner'><span class=\"hr-inner-style\"><\/span><\/span><\/div><\/p><\/div><div class='av-flex-placeholder'><\/div>\n<style type=\"text\/css\" data-created_by=\"avia_inline_auto\" id=\"style-css-av-2lxyywn-62820cac3d7ea74add389625b0490618\">\n#top .flex_column_table.av-equal-height-column-flextable.av-2lxyywn-62820cac3d7ea74add389625b0490618{\nmargin-top:0px;\nmargin-bottom:0;\n}\n.flex_column.av-2lxyywn-62820cac3d7ea74add389625b0490618{\nborder-radius:0px 0px 0px 0px;\npadding:0px 10% 0px 0px;\n}\n<\/style>\n<div  class='flex_column av-2lxyywn-62820cac3d7ea74add389625b0490618 av_three_fifth  avia-builder-el-6  el_after_av_two_fifth  avia-builder-el-last  flex_column_table_cell av-equal-height-column av-align-middle'     ><p>\n<style type=\"text\/css\" data-created_by=\"avia_inline_auto\" id=\"style-css-av-26t3v5-7234ad06dfc39fcb9eddf6159bf4d475\">\n#top .av-special-heading.av-26t3v5-7234ad06dfc39fcb9eddf6159bf4d475{\npadding-bottom:0;\ncolor:#000000;\nfont-size:40px;\n}\nbody .av-special-heading.av-26t3v5-7234ad06dfc39fcb9eddf6159bf4d475 .av-special-heading-tag .heading-char{\nfont-size:25px;\n}\n#top #wrap_all .av-special-heading.av-26t3v5-7234ad06dfc39fcb9eddf6159bf4d475 .av-special-heading-tag{\nfont-size:40px;\n}\n.av-special-heading.av-26t3v5-7234ad06dfc39fcb9eddf6159bf4d475 .special-heading-inner-border{\nborder-color:#000000;\n}\n.av-special-heading.av-26t3v5-7234ad06dfc39fcb9eddf6159bf4d475 .av-subheading{\nfont-size:20px;\n}\n\n@media only screen and (min-width: 480px) and (max-width: 767px){ \n#top #wrap_all .av-special-heading.av-26t3v5-7234ad06dfc39fcb9eddf6159bf4d475 .av-special-heading-tag{\nfont-size:0.8em;\n}\n}\n\n@media only screen and (max-width: 479px){ \n#top #wrap_all .av-special-heading.av-26t3v5-7234ad06dfc39fcb9eddf6159bf4d475 .av-special-heading-tag{\nfont-size:0.8em;\n}\n}\n<\/style>\n<div  class='av-special-heading av-26t3v5-7234ad06dfc39fcb9eddf6159bf4d475 av-special-heading-h1 custom-color-heading blockquote modern-quote modern-centered  avia-builder-el-7  el_before_av_textblock  avia-builder-el-first  av-inherit-size'><h1 class='av-special-heading-tag'  itemprop=\"headline\"  ><span style=\"text-transform: none;\">Upgrade com a SeatBoost<\/span><\/h1><div class=\"special-heading-border\"><div class=\"special-heading-inner-border\"><\/div><\/div><\/div><br \/>\n<section  class='av_textblock_section av-2g17xlj-d778865c534d90b8a4b415c75beda704'   itemscope=\"itemscope\" itemtype=\"https:\/\/schema.org\/CreativeWork\" ><div class='avia_textblock'  itemprop=\"text\" ><p style=\"text-align: center;\">Leia o c\u00f3digo QR abaixo usando a c\u00e2mera do seu smartphone para fazer o download da app SeatBoost e come\u00e7ar a licitar para um upgrade.<\/p>\n<\/div><\/section><br \/>\n\n<style type=\"text\/css\" data-created_by=\"avia_inline_auto\" id=\"style-css-av-2s0k9nr-27fbb95d7cd215f43e477082c74a22f0\">\n#top .hr.hr-invisible.av-2s0k9nr-27fbb95d7cd215f43e477082c74a22f0{\nheight:20px;\n}\n<\/style>\n<div  class='hr av-2s0k9nr-27fbb95d7cd215f43e477082c74a22f0 hr-invisible  avia-builder-el-9  el_after_av_textblock  el_before_av_codeblock'><span class='hr-inner'><span class=\"hr-inner-style\"><\/span><\/span><\/div><br \/>\n<br \/>\n\n<style type=\"text\/css\" data-created_by=\"avia_inline_auto\" id=\"style-css-av-2s0k9nr-6afd1a9c79e6fd3ad1f4f1978068d816\">\n#top .hr.hr-invisible.av-2s0k9nr-6afd1a9c79e6fd3ad1f4f1978068d816{\nheight:35px;\n}\n<\/style>\n<div  class='hr av-2s0k9nr-6afd1a9c79e6fd3ad1f4f1978068d816 hr-invisible  avia-builder-el-11  el_after_av_codeblock  avia-builder-el-last'><span class='hr-inner'><span class=\"hr-inner-style\"><\/span><\/span><\/div><\/p><\/div><\/div><!--close column table wrapper. Autoclose: 1 --><\/div><\/div><\/div><!-- close content main div --><\/div><\/div><div id='sub_menu1'  class='av-submenu-container av-6axnfr-4ed7dce2470d392a158d0926d00611a0 main_color  avia-builder-el-12  el_after_av_section  avia-builder-el-last  submenu-not-first container_wrap sidebar_right' style='z-index:301' ><div class='container av-menu-mobile-disabled av-submenu-pos-center'><ul id=\"menu-footer\" class=\"av-subnav-menu\" role=\"menu\"><li role=\"menuitem\" id=\"menu-item-8372\" class=\"menu-item menu-item-type-post_type menu-item-object-page menu-item-top-level menu-item-top-level-1\"><a href=\"https:\/\/seatboost.com\/pt\/partner-with-us\/\" itemprop=\"url\" tabindex=\"0\"><span class=\"avia-bullet\"><\/span><span class=\"avia-menu-text\">Seja nosso parceiro<\/span><span class=\"avia-menu-fx\"><span class=\"avia-arrow-wrap\"><span class=\"avia-arrow\"><\/span><\/span><\/span><\/a><\/li>\n<li role=\"menuitem\" id=\"menu-item-8571\" class=\"menu-item menu-item-type-post_type menu-item-object-page menu-item-top-level menu-item-top-level-2\"><a href=\"https:\/\/seatboost.com\/pt\/team\/\" itemprop=\"url\" tabindex=\"0\"><span class=\"avia-bullet\"><\/span><span class=\"avia-menu-text\">Nossa equipe<\/span><span class=\"avia-menu-fx\"><span class=\"avia-arrow-wrap\"><span class=\"avia-arrow\"><\/span><\/span><\/span><\/a><\/li>\n<li role=\"menuitem\" id=\"menu-item-8716\" class=\"menu-item menu-item-type-post_type menu-item-object-page menu-item-top-level menu-item-top-level-3\"><a href=\"https:\/\/seatboost.com\/pt\/contact\/\" itemprop=\"url\" tabindex=\"0\"><span class=\"avia-bullet\"><\/span><span class=\"avia-menu-text\">Contato<\/span><span class=\"avia-menu-fx\"><span class=\"avia-arrow-wrap\"><span class=\"avia-arrow\"><\/span><\/span><\/span><\/a><\/li>\n<\/ul><\/div><\/div><\/p>","protected":false},"excerpt":{"rendered":"","protected":false},"author":4,"featured_media":0,"parent":0,"menu_order":0,"comment_status":"closed","ping_status":"closed","template":"","meta":{"footnotes":""},"class_list":["post-8081","page","type-page","status-publish","hentry"],"yoast_head":"<!-- This site is optimized with the Yoast SEO plugin v27.3 - https:\/\/yoast.com\/product\/yoast-seo-wordpress\/ -->\n<title>SeatBoost: A Powerful New Product and Model for Airlines.<\/title>\n<meta name=\"description\" content=\"SeatBoost is a revolutionary airline solution that generates incremental ancillary revenue for premium seats that would otherwise go non-revenue.\" \/>\n<meta name=\"robots\" content=\"index, follow, max-snippet:-1, max-image-preview:large, max-video-preview:-1\" \/>\n<link rel=\"canonical\" href=\"https:\/\/seatboost.com\/pt\/get-seatboost\/\" \/>\n<meta property=\"og:locale\" content=\"pt_PT\" \/>\n<meta property=\"og:type\" content=\"article\" \/>\n<meta property=\"og:title\" content=\"SeatBoost: A Powerful New Product and Model for Airlines.\" \/>\n<meta property=\"og:description\" content=\"SeatBoost is a revolutionary airline solution that generates incremental ancillary revenue for premium seats that would otherwise go non-revenue.\" \/>\n<meta property=\"og:url\" content=\"https:\/\/seatboost.com\/pt\/get-seatboost\/\" \/>\n<meta property=\"og:site_name\" content=\"SeatBoost\" \/>\n<meta property=\"article:publisher\" content=\"https:\/\/www.facebook.com\/Seatboost\/\" \/>\n<meta property=\"article:modified_time\" content=\"2025-12-30T18:21:02+00:00\" \/>\n<meta property=\"og:image\" content=\"https:\/\/seatboost.com\/wp-content\/uploads\/2024\/08\/SeatBoost-Social-Share-01-logo.jpg\" \/>\n\t<meta property=\"og:image:width\" content=\"1200\" \/>\n\t<meta property=\"og:image:height\" content=\"675\" \/>\n\t<meta property=\"og:image:type\" content=\"image\/jpeg\" \/>\n<meta name=\"twitter:card\" content=\"summary_large_image\" \/>\n<meta name=\"twitter:site\" content=\"@SeatBoost\" \/>\n<script type=\"application\/ld+json\" class=\"yoast-schema-graph\">{\"@context\":\"https:\\\/\\\/schema.org\",\"@graph\":[{\"@type\":\"WebPage\",\"@id\":\"https:\\\/\\\/seatboost.com\\\/get-seatboost\\\/\",\"url\":\"https:\\\/\\\/seatboost.com\\\/get-seatboost\\\/\",\"name\":\"SeatBoost: A Powerful New Product and Model for Airlines.\",\"isPartOf\":{\"@id\":\"https:\\\/\\\/seatboost.com\\\/#website\"},\"datePublished\":\"2021-03-30T20:07:47+00:00\",\"dateModified\":\"2025-12-30T18:21:02+00:00\",\"description\":\"SeatBoost is a revolutionary airline solution that generates incremental ancillary revenue for premium seats that would otherwise go non-revenue.\",\"breadcrumb\":{\"@id\":\"https:\\\/\\\/seatboost.com\\\/get-seatboost\\\/#breadcrumb\"},\"inLanguage\":\"pt-PT\",\"potentialAction\":[{\"@type\":\"ReadAction\",\"target\":[\"https:\\\/\\\/seatboost.com\\\/get-seatboost\\\/\"]}]},{\"@type\":\"BreadcrumbList\",\"@id\":\"https:\\\/\\\/seatboost.com\\\/get-seatboost\\\/#breadcrumb\",\"itemListElement\":[{\"@type\":\"ListItem\",\"position\":1,\"name\":\"Home\",\"item\":\"https:\\\/\\\/seatboost.com\\\/home\\\/\"},{\"@type\":\"ListItem\",\"position\":2,\"name\":\"QR code landing page\"}]},{\"@type\":\"WebSite\",\"@id\":\"https:\\\/\\\/seatboost.com\\\/#website\",\"url\":\"https:\\\/\\\/seatboost.com\\\/\",\"name\":\"SeatBoost\",\"description\":\"Bid. Boost. Fly.\",\"publisher\":{\"@id\":\"https:\\\/\\\/seatboost.com\\\/#organization\"},\"potentialAction\":[{\"@type\":\"SearchAction\",\"target\":{\"@type\":\"EntryPoint\",\"urlTemplate\":\"https:\\\/\\\/seatboost.com\\\/?s={search_term_string}\"},\"query-input\":{\"@type\":\"PropertyValueSpecification\",\"valueRequired\":true,\"valueName\":\"search_term_string\"}}],\"inLanguage\":\"pt-PT\"},{\"@type\":\"Organization\",\"@id\":\"https:\\\/\\\/seatboost.com\\\/#organization\",\"name\":\"SeatBoost\",\"url\":\"https:\\\/\\\/seatboost.com\\\/\",\"logo\":{\"@type\":\"ImageObject\",\"inLanguage\":\"pt-PT\",\"@id\":\"https:\\\/\\\/seatboost.com\\\/#\\\/schema\\\/logo\\\/image\\\/\",\"url\":\"https:\\\/\\\/seatboost.com\\\/wp-content\\\/uploads\\\/2022\\\/04\\\/logo-SeatBoost.png\",\"contentUrl\":\"https:\\\/\\\/seatboost.com\\\/wp-content\\\/uploads\\\/2022\\\/04\\\/logo-SeatBoost.png\",\"width\":182,\"height\":89,\"caption\":\"SeatBoost\"},\"image\":{\"@id\":\"https:\\\/\\\/seatboost.com\\\/#\\\/schema\\\/logo\\\/image\\\/\"},\"sameAs\":[\"https:\\\/\\\/www.facebook.com\\\/Seatboost\\\/\",\"https:\\\/\\\/x.com\\\/SeatBoost\",\"https:\\\/\\\/www.instagram.com\\\/seatboost\\\/\"]}]}<\/script>\n<!-- \/ Yoast SEO plugin. -->","yoast_head_json":{"title":"SeatBoost: Um novo produto e modelo poderoso para companhias a\u00e9reas.","description":"O SeatBoost \u00e9 uma solu\u00e7\u00e3o a\u00e9rea revolucion\u00e1ria que gera receita adicional incremental para assentos premium que, de outra forma, n\u00e3o seriam receita.","robots":{"index":"index","follow":"follow","max-snippet":"max-snippet:-1","max-image-preview":"max-image-preview:large","max-video-preview":"max-video-preview:-1"},"canonical":"https:\/\/seatboost.com\/pt\/get-seatboost\/","og_locale":"pt_PT","og_type":"article","og_title":"SeatBoost: A Powerful New Product and Model for Airlines.","og_description":"SeatBoost is a revolutionary airline solution that generates incremental ancillary revenue for premium seats that would otherwise go non-revenue.","og_url":"https:\/\/seatboost.com\/pt\/get-seatboost\/","og_site_name":"SeatBoost","article_publisher":"https:\/\/www.facebook.com\/Seatboost\/","article_modified_time":"2025-12-30T18:21:02+00:00","og_image":[{"width":1200,"height":675,"url":"https:\/\/seatboost.com\/wp-content\/uploads\/2024\/08\/SeatBoost-Social-Share-01-logo.jpg","type":"image\/jpeg"}],"twitter_card":"summary_large_image","twitter_site":"@SeatBoost","schema":{"@context":"https:\/\/schema.org","@graph":[{"@type":"WebPage","@id":"https:\/\/seatboost.com\/get-seatboost\/","url":"https:\/\/seatboost.com\/get-seatboost\/","name":"SeatBoost: Um novo produto e modelo poderoso para companhias a\u00e9reas.","isPartOf":{"@id":"https:\/\/seatboost.com\/#website"},"datePublished":"2021-03-30T20:07:47+00:00","dateModified":"2025-12-30T18:21:02+00:00","description":"O SeatBoost \u00e9 uma solu\u00e7\u00e3o a\u00e9rea revolucion\u00e1ria que gera receita adicional incremental para assentos premium que, de outra forma, n\u00e3o seriam receita.","breadcrumb":{"@id":"https:\/\/seatboost.com\/get-seatboost\/#breadcrumb"},"inLanguage":"pt-PT","potentialAction":[{"@type":"ReadAction","target":["https:\/\/seatboost.com\/get-seatboost\/"]}]},{"@type":"BreadcrumbList","@id":"https:\/\/seatboost.com\/get-seatboost\/#breadcrumb","itemListElement":[{"@type":"ListItem","position":1,"name":"Home","item":"https:\/\/seatboost.com\/home\/"},{"@type":"ListItem","position":2,"name":"QR code landing page"}]},{"@type":"WebSite","@id":"https:\/\/seatboost.com\/#website","url":"https:\/\/seatboost.com\/","name":"SeatBoost","description":"Licita\u00e7\u00e3o. Impulso. Voar.","publisher":{"@id":"https:\/\/seatboost.com\/#organization"},"potentialAction":[{"@type":"SearchAction","target":{"@type":"EntryPoint","urlTemplate":"https:\/\/seatboost.com\/?s={search_term_string}"},"query-input":{"@type":"PropertyValueSpecification","valueRequired":true,"valueName":"search_term_string"}}],"inLanguage":"pt-PT"},{"@type":"Organization","@id":"https:\/\/seatboost.com\/#organization","name":"SeatBoost","url":"https:\/\/seatboost.com\/","logo":{"@type":"ImageObject","inLanguage":"pt-PT","@id":"https:\/\/seatboost.com\/#\/schema\/logo\/image\/","url":"https:\/\/seatboost.com\/wp-content\/uploads\/2022\/04\/logo-SeatBoost.png","contentUrl":"https:\/\/seatboost.com\/wp-content\/uploads\/2022\/04\/logo-SeatBoost.png","width":182,"height":89,"caption":"SeatBoost"},"image":{"@id":"https:\/\/seatboost.com\/#\/schema\/logo\/image\/"},"sameAs":["https:\/\/www.facebook.com\/Seatboost\/","https:\/\/x.com\/SeatBoost","https:\/\/www.instagram.com\/seatboost\/"]}]}},"_links":{"self":[{"href":"https:\/\/seatboost.com\/pt\/wp-json\/wp\/v2\/pages\/8081","targetHints":{"allow":["GET"]}}],"collection":[{"href":"https:\/\/seatboost.com\/pt\/wp-json\/wp\/v2\/pages"}],"about":[{"href":"https:\/\/seatboost.com\/pt\/wp-json\/wp\/v2\/types\/page"}],"author":[{"embeddable":true,"href":"https:\/\/seatboost.com\/pt\/wp-json\/wp\/v2\/users\/4"}],"replies":[{"embeddable":true,"href":"https:\/\/seatboost.com\/pt\/wp-json\/wp\/v2\/comments?post=8081"}],"version-history":[{"count":0,"href":"https:\/\/seatboost.com\/pt\/wp-json\/wp\/v2\/pages\/8081\/revisions"}],"wp:attachment":[{"href":"https:\/\/seatboost.com\/pt\/wp-json\/wp\/v2\/media?parent=8081"}],"curies":[{"name":"wp","href":"https:\/\/api.w.org\/{rel}","templated":true}]}}