{"id":8708,"date":"2025-03-31T13:22:55","date_gmt":"2025-03-31T20:22:55","guid":{"rendered":"https:\/\/seatboost.com\/?page_id=8708"},"modified":"2025-12-30T10:22:49","modified_gmt":"2025-12-30T18:22:49","slug":"contact","status":"publish","type":"page","link":"https:\/\/seatboost.com\/es\/contact\/","title":{"rendered":"Cont\u00e1ctanos"},"content":{"rendered":"<style type=\"text\/css\" data-created_by=\"avia_inline_auto\" id=\"style-css-av-av_section-1372b54462532b77f4d2927a7e651555\">\n.avia-section.av-av_section-1372b54462532b77f4d2927a7e651555{\nbackground-repeat:no-repeat;\nbackground-image:url(https:\/\/seatboost.com\/wp-content\/uploads\/2024\/01\/super-light-pattern-scaled.jpg);\nbackground-position:50% 50%;\nbackground-attachment:scroll;\n}\n.avia-section.av-av_section-1372b54462532b77f4d2927a7e651555 .av-extra-border-element .av-extra-border-inner{\nbackground-color:#fcfcfc;\n}\n<\/style>\n<div id='contact-us'  class='avia-section av-av_section-1372b54462532b77f4d2927a7e651555 footer_color avia-section-default avia-no-border-styling  avia-builder-el-0  avia-builder-el-no-sibling  avia-full-stretch avia-bg-style-scroll av-arrow-down-section container_wrap sidebar_right'  data-section-bg-repeat='stretch'><div class='container av-section-cont-open' ><main  role=\"main\" itemprop=\"mainContentOfPage\"  class='template-page content  av-content-small alpha units'><div class='post-entry post-entry-type-page post-entry-8708'><div class='entry-content-wrapper clearfix'>\n<div class='flex_column_table av-av_one_half-170307de1819fe6e6ca5d0d7b1603207 sc-av_one_half av-equal-height-column-flextable'>\n<style type=\"text\/css\" data-created_by=\"avia_inline_auto\" id=\"style-css-av-av_one_half-170307de1819fe6e6ca5d0d7b1603207\">\n.flex_column.av-av_one_half-170307de1819fe6e6ca5d0d7b1603207{\nborder-radius:0px 0px 0px 0px;\npadding:px px px px;\n}\n<\/style>\n<div  class='flex_column av-av_one_half-170307de1819fe6e6ca5d0d7b1603207 av_one_half  avia-builder-el-1  el_before_av_one_half  avia-builder-el-first  first flex_column_table_cell av-equal-height-column av-align-top'     ><p>\n<style type=\"text\/css\" data-created_by=\"avia_inline_auto\" id=\"style-css-av-av_hr-82f5be0ae0af6a64fe3091010b237709\">\n#top .hr.hr-invisible.av-av_hr-82f5be0ae0af6a64fe3091010b237709{\nheight:20px;\n}\n<\/style>\n<div  class='hr av-av_hr-82f5be0ae0af6a64fe3091010b237709 hr-invisible  avia-builder-el-2  el_before_av_heading  avia-builder-el-first'><span class='hr-inner'><span class=\"hr-inner-style\"><\/span><\/span><\/div><br \/>\n\n<style type=\"text\/css\" data-created_by=\"avia_inline_auto\" id=\"style-css-av-m8xl0qk8-fad7353c4581e16a319b42e7567b208e\">\n#top .av-special-heading.av-m8xl0qk8-fad7353c4581e16a319b42e7567b208e{\npadding-bottom:0;\ncolor:#0239a1;\nfont-size:50px;\n}\nbody .av-special-heading.av-m8xl0qk8-fad7353c4581e16a319b42e7567b208e .av-special-heading-tag .heading-char{\nfont-size:25px;\n}\n#top #wrap_all .av-special-heading.av-m8xl0qk8-fad7353c4581e16a319b42e7567b208e .av-special-heading-tag{\nfont-size:50px;\n}\n.av-special-heading.av-m8xl0qk8-fad7353c4581e16a319b42e7567b208e .special-heading-inner-border{\nborder-color:#0239a1;\n}\n.av-special-heading.av-m8xl0qk8-fad7353c4581e16a319b42e7567b208e .av-subheading{\nfont-size:20px;\ncolor:#091f3b;\n}\n\n@media only screen and (min-width: 480px) and (max-width: 767px){ \n#top #wrap_all .av-special-heading.av-m8xl0qk8-fad7353c4581e16a319b42e7567b208e .av-special-heading-tag{\nfont-size:0.8em;\n}\n}\n\n@media only screen and (max-width: 479px){ \n#top #wrap_all .av-special-heading.av-m8xl0qk8-fad7353c4581e16a319b42e7567b208e .av-special-heading-tag{\nfont-size:0.8em;\n}\n}\n<\/style>\n<div  class='av-special-heading av-m8xl0qk8-fad7353c4581e16a319b42e7567b208e av-special-heading-h1 custom-color-heading blockquote modern-quote  avia-builder-el-3  el_after_av_hr  avia-builder-el-last  av-inherit-size'><h1 class='av-special-heading-tag'  itemprop=\"headline\"  >Cont\u00e1ctanos<\/h1><div class='av_custom_color av-subheading av-subheading_below'><p>Si tiene preguntas o comentarios sobre la aplicaci\u00f3n o el servicio SeatBoost, comun\u00edquese con nuestro departamento de atenci\u00f3n al cliente a continuaci\u00f3n.<\/p>\n<p>Si es representante de una aerol\u00ednea, a nuestro equipo de ventas le encantar\u00eda comunicarse con usted y hablar sobre nuestra oferta.<\/p>\n<p>\u00a1Esperamos su correo electr\u00f3nico y nos pondremos en contacto con usted!<\/p>\n<\/div><div class=\"special-heading-border\"><div class=\"special-heading-inner-border\"><\/div><\/div><\/div><\/p><\/div><div class='av-flex-placeholder'><\/div>\n<style type=\"text\/css\" data-created_by=\"avia_inline_auto\" id=\"style-css-av-av_one_half-bf72ee8fe9209df8031d568fb60b1924\">\n.flex_column.av-av_one_half-bf72ee8fe9209df8031d568fb60b1924{\nborder-radius:0px 0px 0px 0px;\npadding:0 0 0 0;\n}\n<\/style>\n<div  class='flex_column av-av_one_half-bf72ee8fe9209df8031d568fb60b1924 av_one_half  avia-builder-el-4  el_after_av_one_half  avia-builder-el-last  flex_column_table_cell av-equal-height-column av-align-top av-zero-column-padding'     ><\/div><\/div><!--close column table wrapper. Autoclose: 1 --><\/div><\/div><\/main><!-- close content main element --><\/div><div class='av-extra-border-element border-extra-arrow-down'><div class='av-extra-border-outer'><div class='av-extra-border-inner'><\/div><\/div><\/div><\/div><div id='after_section_1'  class='main_color av_default_container_wrap container_wrap sidebar_right'  ><div class='container av-section-cont-open' ><div class='template-page content  av-content-small alpha units'><div class='post-entry post-entry-type-page post-entry-8708'><div class='entry-content-wrapper clearfix'>","protected":false},"excerpt":{"rendered":"","protected":false},"author":14,"featured_media":0,"parent":0,"menu_order":0,"comment_status":"closed","ping_status":"closed","template":"","meta":{"footnotes":""},"class_list":["post-8708","page","type-page","status-publish","hentry"],"yoast_head":"<!-- This site is optimized with the Yoast SEO plugin v27.3 - https:\/\/yoast.com\/product\/yoast-seo-wordpress\/ -->\n<title>Contact us - SeatBoost<\/title>\n<meta name=\"robots\" content=\"index, follow, max-snippet:-1, max-image-preview:large, max-video-preview:-1\" \/>\n<link rel=\"canonical\" href=\"https:\/\/seatboost.com\/es\/contact\/\" \/>\n<meta property=\"og:locale\" content=\"es_ES\" \/>\n<meta property=\"og:type\" content=\"article\" \/>\n<meta property=\"og:title\" content=\"Contact us - SeatBoost\" \/>\n<meta property=\"og:url\" content=\"https:\/\/seatboost.com\/es\/contact\/\" \/>\n<meta property=\"og:site_name\" content=\"SeatBoost\" \/>\n<meta property=\"article:publisher\" content=\"https:\/\/www.facebook.com\/Seatboost\/\" \/>\n<meta property=\"article:modified_time\" content=\"2025-12-30T18:22:49+00:00\" \/>\n<meta property=\"og:image\" content=\"https:\/\/seatboost.com\/wp-content\/uploads\/2024\/08\/SeatBoost-Social-Share-01-logo.jpg\" \/>\n\t<meta property=\"og:image:width\" content=\"1200\" \/>\n\t<meta property=\"og:image:height\" content=\"675\" \/>\n\t<meta property=\"og:image:type\" content=\"image\/jpeg\" \/>\n<meta name=\"twitter:card\" content=\"summary_large_image\" \/>\n<meta name=\"twitter:site\" content=\"@SeatBoost\" \/>\n<meta name=\"twitter:label1\" content=\"Tiempo de lectura\" \/>\n\t<meta name=\"twitter:data1\" content=\"1 minuto\" \/>\n<script type=\"application\/ld+json\" class=\"yoast-schema-graph\">{\"@context\":\"https:\\\/\\\/schema.org\",\"@graph\":[{\"@type\":\"WebPage\",\"@id\":\"https:\\\/\\\/seatboost.com\\\/contact\\\/\",\"url\":\"https:\\\/\\\/seatboost.com\\\/contact\\\/\",\"name\":\"Contact us - SeatBoost\",\"isPartOf\":{\"@id\":\"https:\\\/\\\/seatboost.com\\\/#website\"},\"datePublished\":\"2025-03-31T20:22:55+00:00\",\"dateModified\":\"2025-12-30T18:22:49+00:00\",\"breadcrumb\":{\"@id\":\"https:\\\/\\\/seatboost.com\\\/contact\\\/#breadcrumb\"},\"inLanguage\":\"es\",\"potentialAction\":[{\"@type\":\"ReadAction\",\"target\":[\"https:\\\/\\\/seatboost.com\\\/contact\\\/\"]}]},{\"@type\":\"BreadcrumbList\",\"@id\":\"https:\\\/\\\/seatboost.com\\\/contact\\\/#breadcrumb\",\"itemListElement\":[{\"@type\":\"ListItem\",\"position\":1,\"name\":\"Home\",\"item\":\"https:\\\/\\\/seatboost.com\\\/home\\\/\"},{\"@type\":\"ListItem\",\"position\":2,\"name\":\"Contact us\"}]},{\"@type\":\"WebSite\",\"@id\":\"https:\\\/\\\/seatboost.com\\\/#website\",\"url\":\"https:\\\/\\\/seatboost.com\\\/\",\"name\":\"SeatBoost\",\"description\":\"Bid. Boost. Fly.\",\"publisher\":{\"@id\":\"https:\\\/\\\/seatboost.com\\\/#organization\"},\"potentialAction\":[{\"@type\":\"SearchAction\",\"target\":{\"@type\":\"EntryPoint\",\"urlTemplate\":\"https:\\\/\\\/seatboost.com\\\/?s={search_term_string}\"},\"query-input\":{\"@type\":\"PropertyValueSpecification\",\"valueRequired\":true,\"valueName\":\"search_term_string\"}}],\"inLanguage\":\"es\"},{\"@type\":\"Organization\",\"@id\":\"https:\\\/\\\/seatboost.com\\\/#organization\",\"name\":\"SeatBoost\",\"url\":\"https:\\\/\\\/seatboost.com\\\/\",\"logo\":{\"@type\":\"ImageObject\",\"inLanguage\":\"es\",\"@id\":\"https:\\\/\\\/seatboost.com\\\/#\\\/schema\\\/logo\\\/image\\\/\",\"url\":\"https:\\\/\\\/seatboost.com\\\/wp-content\\\/uploads\\\/2022\\\/04\\\/logo-SeatBoost.png\",\"contentUrl\":\"https:\\\/\\\/seatboost.com\\\/wp-content\\\/uploads\\\/2022\\\/04\\\/logo-SeatBoost.png\",\"width\":182,\"height\":89,\"caption\":\"SeatBoost\"},\"image\":{\"@id\":\"https:\\\/\\\/seatboost.com\\\/#\\\/schema\\\/logo\\\/image\\\/\"},\"sameAs\":[\"https:\\\/\\\/www.facebook.com\\\/Seatboost\\\/\",\"https:\\\/\\\/x.com\\\/SeatBoost\",\"https:\\\/\\\/www.instagram.com\\\/seatboost\\\/\"]}]}<\/script>\n<!-- \/ Yoast SEO plugin. -->","yoast_head_json":{"title":"Cont\u00e1ctanos - SeatBoost","robots":{"index":"index","follow":"follow","max-snippet":"max-snippet:-1","max-image-preview":"max-image-preview:large","max-video-preview":"max-video-preview:-1"},"canonical":"https:\/\/seatboost.com\/es\/contact\/","og_locale":"es_ES","og_type":"article","og_title":"Contact us - SeatBoost","og_url":"https:\/\/seatboost.com\/es\/contact\/","og_site_name":"SeatBoost","article_publisher":"https:\/\/www.facebook.com\/Seatboost\/","article_modified_time":"2025-12-30T18:22:49+00:00","og_image":[{"width":1200,"height":675,"url":"https:\/\/seatboost.com\/wp-content\/uploads\/2024\/08\/SeatBoost-Social-Share-01-logo.jpg","type":"image\/jpeg"}],"twitter_card":"summary_large_image","twitter_site":"@SeatBoost","twitter_misc":{"Tiempo de lectura":"1 minuto"},"schema":{"@context":"https:\/\/schema.org","@graph":[{"@type":"WebPage","@id":"https:\/\/seatboost.com\/contact\/","url":"https:\/\/seatboost.com\/contact\/","name":"Cont\u00e1ctanos - SeatBoost","isPartOf":{"@id":"https:\/\/seatboost.com\/#website"},"datePublished":"2025-03-31T20:22:55+00:00","dateModified":"2025-12-30T18:22:49+00:00","breadcrumb":{"@id":"https:\/\/seatboost.com\/contact\/#breadcrumb"},"inLanguage":"es","potentialAction":[{"@type":"ReadAction","target":["https:\/\/seatboost.com\/contact\/"]}]},{"@type":"BreadcrumbList","@id":"https:\/\/seatboost.com\/contact\/#breadcrumb","itemListElement":[{"@type":"ListItem","position":1,"name":"Home","item":"https:\/\/seatboost.com\/home\/"},{"@type":"ListItem","position":2,"name":"Contact us"}]},{"@type":"WebSite","@id":"https:\/\/seatboost.com\/#website","url":"https:\/\/seatboost.com\/","name":"AsientoBoost","description":"Licitaci\u00f3n. Aumentar. Volar.","publisher":{"@id":"https:\/\/seatboost.com\/#organization"},"potentialAction":[{"@type":"SearchAction","target":{"@type":"EntryPoint","urlTemplate":"https:\/\/seatboost.com\/?s={search_term_string}"},"query-input":{"@type":"PropertyValueSpecification","valueRequired":true,"valueName":"search_term_string"}}],"inLanguage":"es"},{"@type":"Organization","@id":"https:\/\/seatboost.com\/#organization","name":"AsientoBoost","url":"https:\/\/seatboost.com\/","logo":{"@type":"ImageObject","inLanguage":"es","@id":"https:\/\/seatboost.com\/#\/schema\/logo\/image\/","url":"https:\/\/seatboost.com\/wp-content\/uploads\/2022\/04\/logo-SeatBoost.png","contentUrl":"https:\/\/seatboost.com\/wp-content\/uploads\/2022\/04\/logo-SeatBoost.png","width":182,"height":89,"caption":"SeatBoost"},"image":{"@id":"https:\/\/seatboost.com\/#\/schema\/logo\/image\/"},"sameAs":["https:\/\/www.facebook.com\/Seatboost\/","https:\/\/x.com\/SeatBoost","https:\/\/www.instagram.com\/seatboost\/"]}]}},"_links":{"self":[{"href":"https:\/\/seatboost.com\/es\/wp-json\/wp\/v2\/pages\/8708","targetHints":{"allow":["GET"]}}],"collection":[{"href":"https:\/\/seatboost.com\/es\/wp-json\/wp\/v2\/pages"}],"about":[{"href":"https:\/\/seatboost.com\/es\/wp-json\/wp\/v2\/types\/page"}],"author":[{"embeddable":true,"href":"https:\/\/seatboost.com\/es\/wp-json\/wp\/v2\/users\/14"}],"replies":[{"embeddable":true,"href":"https:\/\/seatboost.com\/es\/wp-json\/wp\/v2\/comments?post=8708"}],"version-history":[{"count":0,"href":"https:\/\/seatboost.com\/es\/wp-json\/wp\/v2\/pages\/8708\/revisions"}],"wp:attachment":[{"href":"https:\/\/seatboost.com\/es\/wp-json\/wp\/v2\/media?parent=8708"}],"curies":[{"name":"gracias","href":"https:\/\/api.w.org\/{rel}","templated":true}]}}